{"id":5702,"date":"2024-04-04T15:12:12","date_gmt":"2024-04-04T15:12:12","guid":{"rendered":"https:\/\/testing.gorriz-arias.com\/politica-de-privadesa\/"},"modified":"2024-06-07T10:28:41","modified_gmt":"2024-06-07T10:28:41","slug":"politica-de-privadesa","status":"publish","type":"page","link":"https:\/\/www.gorriz-arias.com\/ca\/politica-de-privadesa\/","title":{"rendered":"Pol\u00edtica de Privadesa"},"content":{"rendered":"\n<p>De conformitat amb el que estableix la normativa vigent en Protecci\u00f3 de Dades de Car\u00e0cter Personal, us informem que les vostres dades seran incorporades al sistema de tractament titularitat de Gorriz Consulting, SL amb CIF: B63689681 i domicili social situat al carrer Aribau, 123 entlo.2\u00aa 08036 Barcelona, \u200b\u200bEspanya. amb la finalitat d&#8217;atendre les vostres consultes i remetre-vos informaci\u00f3 relacionada que pugui ser del vostre inter\u00e8s. En compliment de la normativa vigent, Gorriz Consulting, SL informa que les dades seran conservades durant el termini estrictament necessari per complir els preceptes esmentats anteriorment.<\/p>\n\n<p>Mentre no ens comuniqueu el contrari, entendrem que les vostres dades no han estat modificades, que vost\u00e8 es compromet a notificar-nos qualsevol variaci\u00f3 i que tenim el seu consentiment per utilitzar-les per a les finalitats esmentades.<br\/>Gorriz Consulting, SL informa que procedir\u00e0 a tractar les dades de manera l\u00edcita, lleial, transparent, adequada, pertinent, limitada, exacta i actualitzada. \u00c9s per aix\u00f2 que Gorriz Consulting, SL es compromet a adoptar totes les mesures raonables perqu\u00e8 aquests se suprimeixin o rectifiquin sense dilaci\u00f3 quan siguin inexactes.<\/p>\n\n<p>D&#8217;acord amb els drets que us confereix la normativa vigent en protecci\u00f3 de dades podreu exercir els drets d&#8217;acc\u00e9s, rectificaci\u00f3, limitaci\u00f3 de tractament, supressi\u00f3, portabilitat i oposici\u00f3 al tractament de les vostres dades de car\u00e0cter personal aix\u00ed com del consentiment prestat per al tractament. d&#8217;aquests, dirigint la vostra petici\u00f3 a l&#8217;adre\u00e7a postal indicada m\u00e9s amunt o al correu electr\u00f2nic  <a href=\"mailto:info@gorriz-arias.com\">info@gorriz-arias.com<\/a> .<\/p>\n\n<p>Alhora, us informem que podeu contactar amb el Delegat de Protecci\u00f3 de Dades de Gorriz Consulting, SL, dirigint-vos per escrit a l&#8217;adre\u00e7a de correu <a href=\"mailto:info@gorriz-arias.com\">info@gorriz-arias.com<\/a> o al tel\u00e8fon <a href=\"tel: %20+34% 2093 %20452% 206060\">93 452 6060<\/a><\/p>\n\n<p>Podr\u00e0 adre\u00e7ar-se a lAutoritat de Control competent per presentar la reclamaci\u00f3 que consideri oportuna.<br\/>Amb enviament del formulari de recollida de dades vost\u00e8 accepta la pol\u00edtica de privadesa de Gorriz Consulting, SL.<\/p>\n","protected":false},"excerpt":{"rendered":"<p>De conformitat amb el que estableix la normativa vigent en Protecci\u00f3 de Dades de Car\u00e0cter Personal, us informem que les&#8230;<\/p>\n","protected":false},"author":1,"featured_media":0,"parent":0,"menu_order":0,"comment_status":"closed","ping_status":"closed","template":"","meta":{"footnotes":""},"class_list":["post-5702","page","type-page","status-publish"],"aioseo_notices":[],"_links":{"self":[{"href":"https:\/\/www.gorriz-arias.com\/ca\/wp-json\/wp\/v2\/pages\/5702","targetHints":{"allow":["GET"]}}],"collection":[{"href":"https:\/\/www.gorriz-arias.com\/ca\/wp-json\/wp\/v2\/pages"}],"about":[{"href":"https:\/\/www.gorriz-arias.com\/ca\/wp-json\/wp\/v2\/types\/page"}],"author":[{"embeddable":true,"href":"https:\/\/www.gorriz-arias.com\/ca\/wp-json\/wp\/v2\/users\/1"}],"replies":[{"embeddable":true,"href":"https:\/\/www.gorriz-arias.com\/ca\/wp-json\/wp\/v2\/comments?post=5702"}],"version-history":[{"count":0,"href":"https:\/\/www.gorriz-arias.com\/ca\/wp-json\/wp\/v2\/pages\/5702\/revisions"}],"wp:attachment":[{"href":"https:\/\/www.gorriz-arias.com\/ca\/wp-json\/wp\/v2\/media?parent=5702"}],"curies":[{"name":"wp","href":"https:\/\/api.w.org\/{rel}","templated":true}]}}