{"id":5674,"date":"2024-06-03T02:46:28","date_gmt":"2024-06-03T02:46:28","guid":{"rendered":"https:\/\/testing.gorriz-arias.com\/politica-de-cookies\/"},"modified":"2024-06-11T23:06:41","modified_gmt":"2024-06-11T23:06:41","slug":"politica-de-cookies","status":"publish","type":"page","link":"https:\/\/www.gorriz-arias.com\/ca\/politica-de-cookies\/","title":{"rendered":"Pol\u00edtica de Cookies"},"content":{"rendered":"\n<p>Gorriz Consulting, SL vol informar-te que la nostra p\u00e0gina web utilitza cookies per mesurar i analitzar la navegaci\u00f3 dels nostres usuaris.<\/p>\n\n<h2 class=\"wp-block-heading\"><strong>1. Qu\u00e8 \u00e9s una cookie?<\/strong><\/h2>\n\n<p>Les cookies o els dispositius d&#8217;emmagatzematge i recuperaci\u00f3 de dades s\u00f3n arxius enviats per un lloc web als navegadors dels usuaris que s&#8217;emmagatzemen autom\u00e0ticament als dispositius perqu\u00e8 el lloc web pugui comprovar els h\u00e0bits de navegaci\u00f3 anteriors dels usuaris i \u201crecon\u00e8ixer-los\u201d .<\/p>\n\n<p>Les cookies s\u00f3n capaces de recordar un altre tipus d&#8217;informaci\u00f3 personal, com ara la contrasenya de l&#8217;usuari perqu\u00e8 no sigui necessari introduir-la cada vegada que es visita un lloc web, o les prefer\u00e8ncies de l&#8217;usuari quant a la configuraci\u00f3 d&#8217;un lloc web (idioma, resoluci\u00f3 de pantalla, entre d&#8217;altres).<\/p>\n\n<p>Les cookies s\u00f3n essencials per al bon funcionament d&#8217;Internet, a m\u00e9s de tenir molts avantatges en la prestaci\u00f3 de serveis interactius, ja que faciliten la navegaci\u00f3 i l&#8217;\u00fas del lloc web. Les cookies no poden fer malb\u00e9 els dispositius i, mentre estiguin activades, ajuden a identificar i resoldre errors.<\/p>\n\n<p>En resum, una cookies \u00e9s simplement un conjunt de dades sobre els h\u00e0bits de navegaci\u00f3 que s&#8217;emmagatzemen al dispositiu d&#8217;un usuari i que els llocs web detecten i reconeixen per poder \u201crecordar\u201d els h\u00e0bits de navegaci\u00f3 d&#8217;aquest usuari.<\/p>\n\n<p>Tingueu en compte que no totes les cookies impliquen un tractament de dades personals i, en cas de tractament d&#8217;aquestes dades, durem a terme el tractament d&#8217;acord amb la nostra <strong><a href=\"https:\/\/www.gorriz-arias.com\/ca\/politica-de-privadesa\/\" title=\"\">Pol\u00edtica General de Privadesa<\/a><\/strong> .<\/p>\n\n<p>A continuaci\u00f3 s&#8217;ofereix m\u00e9s informaci\u00f3 sobre les cookies utilitzades al lloc web:<\/p>\n\n<ul class=\"wp-block-list\">\n<li><strong>Cookies estrictament necess\u00e0ries<\/strong><\/li>\n<\/ul>\n\n<p>Les cookies necess\u00e0ries s\u00f3n absolutament essencials perqu\u00e8 el lloc web funcioni correctament. Aquesta categoria nom\u00e9s inclou cookies que garanteixen funcionalitats b\u00e0siques i caracter\u00edstiques de seguretat del lloc web. Aquestes cookies no emmagatzemen cap informaci\u00f3 personal.<\/p>\n\n<ul class=\"wp-block-list\">\n<li><strong>Cookies publicitat<\/strong><\/li>\n<\/ul>\n\n<p>Les cookies publicit\u00e0ries s&#8217;utilitzen per proporcionar als visitants anuncis i campanyes de m\u00e0rqueting rellevants. Aquestes cookies rastregen els visitants als llocs web i recopilen informaci\u00f3 per proporcionar anuncis personalitzats.<\/p>\n\n<ul class=\"wp-block-list\">\n<li><strong>Cookies Rendiment<\/strong><\/li>\n<\/ul>\n\n<p>Les cookies de rendiment sutilitzen per comprendre i analitzar els \u00edndexs de rendiment clau del lloc web, la qual cosa ajuda a brindar una millor experi\u00e8ncia dusuari als visitants.<\/p>\n\n<p>Les cookies utilitzades per aquesta p\u00e0gina s\u00f3n:<\/p>\n\n<figure class=\"wp-block-table\"><table><tbody><tr><td>Cookie<\/td><td>Categoria<\/td><td>Durada<\/td><td>Descripci\u00f3<\/td><\/tr><tr><td>__utmb<\/td><td>Rendiment<\/td><td>30 minuts<\/td><td>La cookie \u00e9s set per Google Analytics. La cookie s&#8217;utilitza per determinar noves sessions\/visits. La cookie \u00e9s creada quan JavaScript exerceix el llibre i no existeix __utma cookies. La cookie \u00e9s updated every time data is sent to Google Analytics.<\/td><\/tr><tr><td>__utmt<\/td><td>Rendiment<\/td><td>10 minuts<\/td><td>La cookie \u00e9s set per Google Analytics i es fa servir per throttle the request rate.<\/td><\/tr><tr><td>__utmz<\/td><td>Rendiment<\/td><td>6 months<\/td><td>Aquesta cookie \u00e9s set de Google analytics i s&#8217;utilitza per a la adre\u00e7a de correu electr\u00f2nic o campaign mitjan\u00e7ant la qual visitor reached la seva p\u00e0gina web.<\/td><\/tr><tr><td>__utmc<\/td><td>Rendiment<\/td><td>\u00a0<\/td><td>Cookie \u00e9s set per Google Analytics i \u00e9s deleted when the user closes the browser. La cookie \u00e9s usada per ga.js. La cookie \u00e9s usada per a interoperability amb urchin.js, la qual \u00e9s una versi\u00f3 de Google analytics i s&#8217;utilitza en conjunci\u00f3 amb la cookie __utmb per determinar noves sessions\/visits.<\/td><\/tr><tr><td>__utma<\/td><td>Rendiment<\/td><td>2 years<\/td><td>Aquesta cookie \u00e9s set per Google Analytics i es fa servir per distingir usuaris i sessions. La cookie \u00e9s creada quan JavaScript exerceix el llibre i no existeix __utma cookies. La cookie \u00e9s updated every time data is sent to Google Analytics.<\/td><\/tr><tr><td>cookielawinfo-checkbox-non-necessary<\/td><td>Necess\u00e0ries<\/td><td>1 year<\/td><td>Aquesta cookie \u00e9s set per GDPR Cookie Consent plugin. La puresa de la cookie \u00e9s per a la revisi\u00f3 de les dades, que no s\u00f3n les persones que han d&#8217;estar consentent a utilitzar les galetes des de la categoria &#8216;No-Necessary&#8217;.<\/td><\/tr><tr><td>cookielawinfo-checkbox-necessary<\/td><td>Necess\u00e0ries<\/td><td>1 year<\/td><td>Aquesta cookie \u00e9s set per GDPR Cookie Consent plugin. purpose aquesta cookie \u00e9s per a la check whether or not the user has given the consent to the usage of cookies des de la categoria &#8216;Necessary&#8217;.<\/td><\/tr><tr><td>NID<\/td><td>Publicitat<\/td><td>6 months<\/td><td>Aquesta cookie s&#8217;utilitza per a la profile basada en usuaris interests i displays personalitzades per a usuaris.<\/td><\/tr><tr><td>_icl_current_language<\/td><td>Rendiment<\/td><td>1 day<\/td><td>\u00a0<\/td><\/tr><tr><td>viewed_cookie_policy<\/td><td>Necess\u00e0ries<\/td><td>1 hour<\/td><td>Cookie \u00e9s set per al GDPR Cookie Consent plugin and use store whether or not user has consented to use of cookies. It does not store any personal data.<\/td><\/tr><\/tbody><\/table><\/figure>\n\n<h2 class=\"wp-block-heading\"><strong>2. Configuraci\u00f3 de cookies<\/strong><\/h2>\n\n<p>Vost\u00e8 pot configurar les cookies en la configuraci\u00f3 de galetes a la part inferior d&#8217;aquesta p\u00e0gina, a trav\u00e9s del seu navegador i tamb\u00e9 a trav\u00e9s dels llocs web d&#8217;aquells tercers que instal\u00b7lin galetes al dispositiu.<\/p>\n\n<h3 class=\"wp-block-heading\"><strong> 2.1 Deshabilitar les cookies a trav\u00e9s d&#8217;aquesta pol\u00edtica<\/strong><\/h3>\n\n<p>Podeu donar o revocar el vostre consentiment pel que fa al tipus de cookies utilitzades clicant aqu\u00ed Configuraci\u00f3 de Cookies.<\/p>\n\n<h3 class=\"wp-block-heading\"><strong> 2.2 Deshabilitar les cookies a trav\u00e9s del navegador<\/strong><\/h3>\n\n<p>Tots els navegadors d&#8217;Internet permeten als usuaris restringir el comportament d&#8217;una cookie o fins i tot desactivar les cookies modificant la configuraci\u00f3 o les opcions del navegador. Els passos per fer-ho s\u00f3n diferents per a cada navegador. Podeu trobar instruccions espec\u00edfiques al men\u00fa d&#8217;ajuda del vostre navegador.<\/p>\n\n<p>Depenent del navegador utilitzat, l&#8217;usuari pot habilitar qualsevol de les opcions seg\u00fcents per limitar l&#8217;abast de les galetes instal\u00b7lades o la manera com s&#8217;executen:<\/p>\n\n<ul class=\"wp-block-list\">\n<li>L&#8217;opci\u00f3 de navegaci\u00f3 privada perqu\u00e8 no s&#8217;emmagatzemi l&#8217;historial de navegaci\u00f3, les contrasenyes dels llocs web, les galetes i una altra informaci\u00f3 sobre els llocs web visitats.<\/li>\n\n\n\n<li>La funci\u00f3 \u201cno rastrejar\u201d, \u200b\u200bmitjan\u00e7ant la qual el navegador sol\u00b7licita que els llocs web visitats no rastregin els seus h\u00e0bits de navegaci\u00f3, per exemple per mostrar publicitat que pugui ser del vostre inter\u00e8s en els llocs web que visita.<\/li>\n<\/ul>\n\n<figure class=\"wp-block-table\"><table><tbody><tr><td><strong>Navegador<\/strong><\/td><td><strong>Enlla\u00e7<\/strong><\/td><\/tr><tr><td>Microsoft Internet Explorer<\/td><td><a href=\"https:\/\/support.microsoft.com\/en-gb\/help\/17442\/windows-internet-explorer-delete-manage-cookies#\">https:\/\/support.microsoft.com\/en-gb\/help\/17442\/windows-internet-explorer-delete-manage-cookies#<\/a><\/td><\/tr><tr><td>Apple Safari<\/td><td><a href=\"https:\/\/support.apple.com\/es-es\/guide\/safari\/sfri11471\/mac\">https:\/\/support.apple.com\/es-es\/guide\/safari\/sfri11471\/mac<\/a><\/td><\/tr><tr><td>Google Chrome<\/td><td><a href=\"https:\/\/support.google.com\/chrome\/answer\/95647?hl=en-GB\">https:\/\/support.google.com\/chrome\/answer\/95647?hl=en-GB<\/a><\/td><\/tr><tr><td>Mozilla Firefox<\/td><td><a href=\"https:\/\/support.mozilla.org\/en-US\/kb\/enhanced-tracking-protection-firefox-desktop?redirectlocale=en-US&amp;redirectslug=enable-and-disable-cookies-website-preferences\">https:\/\/support.mozilla.org\/en-US\/kb\/enhanced-tracking-protection-firefox-desktop?redirectlocale=en-US&amp;redirectslug=enable-and-disable-cookies-website-preferences<\/a><br\/><a href=\"https:\/\/support.mozilla.org\/en-US\/kb\/clear-cookies-and-site-data-firefox\">https:\/\/support.mozilla.org\/es\/kb\/Borrar cookies<\/a><\/td><\/tr><\/tbody><\/table><\/figure>\n\n<p>Tingueu en compte que si desactiva les cookies esmentades no podem saber el que li agrada o no li agrada de les nostres p\u00e0gines i ens ser\u00e0 dif\u00edcil millorar la seva experi\u00e8ncia d&#8217;usuari en aquest lloc web.<\/p>\n\n<h2 class=\"wp-block-heading\"><strong>3. M\u00e9s informaci\u00f3 i exercici dels vostres drets<\/strong><\/h2>\n\n<p>Sense perjudici de les possibilitats ofertes per a la instal\u00b7laci\u00f3 de cookies, aix\u00ed com dels diferents mecanismes de gesti\u00f3 de les mateixes disponibles en aquesta Pol\u00edtica, si teniu algun dubte sobre el tractament de les vostres dades personals o voleu exercir els vostres drets, consulteu la nostra Pol\u00edtica General de Privadesa per obtenir m\u00e9s informaci\u00f3.<\/p>\n\n<p>Si vols m\u00e9s informaci\u00f3 sobre quin \u00fas fem de les cookies, envia&#8217;ns un e-mail a<a href=\"javascript:;\"> <\/a><a href=\"mailto:info@gorriz-arias.com\">info@gorriz-arias.com<\/a> .<\/p>\n","protected":false},"excerpt":{"rendered":"<p>Gorriz Consulting, SL vol informar-te que la nostra p\u00e0gina web utilitza cookies per mesurar i analitzar la navegaci\u00f3 dels nostres&#8230;<\/p>\n","protected":false},"author":1,"featured_media":0,"parent":0,"menu_order":0,"comment_status":"closed","ping_status":"closed","template":"","meta":{"footnotes":""},"class_list":["post-5674","page","type-page","status-publish"],"aioseo_notices":[],"_links":{"self":[{"href":"https:\/\/www.gorriz-arias.com\/ca\/wp-json\/wp\/v2\/pages\/5674","targetHints":{"allow":["GET"]}}],"collection":[{"href":"https:\/\/www.gorriz-arias.com\/ca\/wp-json\/wp\/v2\/pages"}],"about":[{"href":"https:\/\/www.gorriz-arias.com\/ca\/wp-json\/wp\/v2\/types\/page"}],"author":[{"embeddable":true,"href":"https:\/\/www.gorriz-arias.com\/ca\/wp-json\/wp\/v2\/users\/1"}],"replies":[{"embeddable":true,"href":"https:\/\/www.gorriz-arias.com\/ca\/wp-json\/wp\/v2\/comments?post=5674"}],"version-history":[{"count":2,"href":"https:\/\/www.gorriz-arias.com\/ca\/wp-json\/wp\/v2\/pages\/5674\/revisions"}],"predecessor-version":[{"id":6370,"href":"https:\/\/www.gorriz-arias.com\/ca\/wp-json\/wp\/v2\/pages\/5674\/revisions\/6370"}],"wp:attachment":[{"href":"https:\/\/www.gorriz-arias.com\/ca\/wp-json\/wp\/v2\/media?parent=5674"}],"curies":[{"name":"wp","href":"https:\/\/api.w.org\/{rel}","templated":true}]}}