{"id":5376,"date":"2022-05-14T00:09:19","date_gmt":"2022-05-14T00:09:19","guid":{"rendered":"https:\/\/testing.gorriz-arias.com\/noticies\/"},"modified":"2024-06-10T16:29:45","modified_gmt":"2024-06-10T16:29:45","slug":"noticies","status":"publish","type":"page","link":"https:\/\/www.gorriz-arias.com\/ca\/noticies\/","title":{"rendered":"Not\u00edcies"},"content":{"rendered":"\t\t<div data-elementor-type=\"wp-page\" data-elementor-id=\"5376\" class=\"elementor elementor-5376 elementor-3209\" data-elementor-post-type=\"page\">\n\t\t\t\t\t\t<section class=\"elementor-section elementor-top-section elementor-element elementor-element-d10e220 elementor-section-boxed elementor-section-height-default elementor-section-height-default\" data-id=\"d10e220\" data-element_type=\"section\" data-e-type=\"section\">\r\n\t\t\t\t\t\t<div class=\"elementor-container elementor-column-gap-thegem\"><div class=\"elementor-row\">\r\n\t\t\t\t\t<div class=\"elementor-column elementor-col-100 elementor-top-column elementor-element elementor-element-436d155\" data-id=\"436d155\" data-element_type=\"column\" data-e-type=\"column\">\n\t\t\t<div class=\"elementor-widget-wrap elementor-element-populated\">\n\t\t\t\t\t\t<div class=\"elementor-element elementor-element-d09a828 flex-horizontal-align-default flex-horizontal-align-tablet-default flex-horizontal-align-mobile-default flex-vertical-align-default flex-vertical-align-tablet-default flex-vertical-align-mobile-default elementor-widget elementor-widget-thegem-bloglist\" data-id=\"d09a828\" data-element_type=\"widget\" data-e-type=\"widget\" data-settings=\"{&quot;items_per_page&quot;:6,&quot;categories&quot;:[&quot;noticias&quot;],&quot;order_by&quot;:&quot;date&quot;,&quot;thegem_elementor_preset&quot;:&quot;default&quot;,&quot;query_type&quot;:&quot;post&quot;,&quot;source&quot;:[&quot;categories&quot;],&quot;exclude_blog_posts_type&quot;:&quot;manual&quot;,&quot;order&quot;:&quot;default&quot;,&quot;image_icon_show&quot;:&quot;yes&quot;}\" data-widget_type=\"thegem-bloglist.default\">\n\t\t\t\t<div class=\"elementor-widget-container\">\n\t\t\t\t\t\t\t\t\t<div class=\"preloader\"><div class=\"preloader-spin\"><\/div><\/div>\n\t\t\t\t\t\t<div class=\"bloglist blog clearfix  blog-style-default  item-animation-move-up  pagination-numbers \" data-page=\"1\" data-paged=\"1\" data-next-page=\"2\" data-pages-count=\"97\" data-load-more-action=\"thegem_bloglist_load_more\">\n\t\t\t\n<article id=\"post-6569\" class=\"post-item no-image item-animations-not-inited post-6569 post type-post status-publish format-standard category-per-estar-al-dia-demo-ca category-sin-categorizar\" >\n\t\n\t\t\n\t\t<div class=\"item-post-container\">\n\t\t\t<div class=\"item-post clearfix\">\n\n\t\t\t\t\n\t\t\t\t<div class=\"caption-container\">\n\n\t\t\t\t\t<div class=\"post-meta\">\n\t\t\t\t\t\t<div class=\"entry-meta clearfix gem-post-date\">\n\t\t\t\t\t\t\t<div class=\"post-meta-right\">\n\t\t\t\t\t\t\t\t\t\t\t\t\t\t\t\t\t\t\t\t\t\t\t\t\t\t\t\t\t\t\t<\/div>\n\t\t\t\t\t\t\t<div class=\"post-meta-left\">\n\t\t\t\t\t\t\t\t\t\t\t\t\t\t\t\t\t\t\t\t\t\t\t<\/div>\n\t\t\t\t\t\t<\/div><!-- .entry-meta -->\n\t\t\t\t\t<\/div>\n\n\t\t\t\t\t\t\t\t\t\t\t<div class=\"post-title\">\n\t\t\t\t\t\t\t<h3 class=\"entry-title\"><a href=\"https:\/\/www.gorriz-arias.com\/ca\/2026\/03\/04\/el-govern-ha-aprovat-finalment-la-revaloritzacio-de-les-pensions-per-al-2026\/\" rel=\"bookmark\"><span class=\"entry-title-date\">04 mar\u00e7: <\/span><span class=\"light\">EL GOVERN HA APROVAT FINALMENT LA REVALORITZACI\u00d3 DE LES PENSIONS PER AL 2026<\/span><\/a><\/h3>\t\t\t\t\t\t<\/div>\n\t\t\t\t\t\n\t\t\t\t\t\t\t\t\t\t\t<div class=\"post-text\">\n\t\t\t\t\t\t\t<div class=\"summary\">\n\t\t\t\t\t\t\t\t<p>Despr\u00e9s de setmanes d&#8217;incertesa parlament\u00e0ria, el Govern ha aprovat finalment un nou Reial decret llei centrat exclusivament en la revaloraci\u00f3&#8230;<\/p>\n\t\t\t\t\t\t\t<\/div>\n\t\t\t\t\t\t<\/div>\n\t\t\t\t\t\n\t\t\t\t\t<div class=\"post-footer\">\n\t\t\t\t\t\t<div class=\"post-footer-sharing\">\n\t\t\t\t\t\t\t\t\t\t\t\t\t<\/div>\n\t\t\t\t\t\t<div class=\"post-read-more\">\n\t\t\t\t\t\t\t\t<div class=\"gem-button-container gem-widget-button gem-button-position-inline\">\n\t\t<a class=\"gem-button gem-button-size-tiny gem-button-style-outline\" href=\"https:\/\/www.gorriz-arias.com\/ca\/2026\/03\/04\/el-govern-ha-aprovat-finalment-la-revaloritzacio-de-les-pensions-per-al-2026\/\">\n\t\t\t<span class=\"gem-inner-wrapper-btn\">\n\t\t\t\t\t\t\t\t<span class=\"gem-text-button\">\n\t\t\t\t\tLLEGIR M\u00c9S\t\t\t\t<\/span>\n\t\t\t<\/span>\n\t\t<\/a>\n\t<\/div>\n\t\t\t\t\t\t<\/div>\n\t\t\t\t\t<\/div>\n\n\t\t\t\t<\/div>\n\t\t\t<\/div>\n\t\t<\/div>\n\t<\/article><!-- #post-6569 -->\n\n<article id=\"post-6565\" class=\"post-item no-image item-animations-not-inited post-6565 post type-post status-publish format-standard category-per-estar-al-dia-demo-ca category-sin-categorizar\" >\n\t\n\t\t\n\t\t<div class=\"item-post-container\">\n\t\t\t<div class=\"item-post clearfix\">\n\n\t\t\t\t\n\t\t\t\t<div class=\"caption-container\">\n\n\t\t\t\t\t<div class=\"post-meta\">\n\t\t\t\t\t\t<div class=\"entry-meta clearfix gem-post-date\">\n\t\t\t\t\t\t\t<div class=\"post-meta-right\">\n\t\t\t\t\t\t\t\t\t\t\t\t\t\t\t\t\t\t\t\t\t\t\t\t\t\t\t\t\t\t\t<\/div>\n\t\t\t\t\t\t\t<div class=\"post-meta-left\">\n\t\t\t\t\t\t\t\t\t\t\t\t\t\t\t\t\t\t\t\t\t\t\t<\/div>\n\t\t\t\t\t\t<\/div><!-- .entry-meta -->\n\t\t\t\t\t<\/div>\n\n\t\t\t\t\t\t\t\t\t\t\t<div class=\"post-title\">\n\t\t\t\t\t\t\t<h3 class=\"entry-title\"><a href=\"https:\/\/www.gorriz-arias.com\/ca\/2026\/03\/04\/regularitzacio-extraordinaria-dimmigrants-2026-implicacions-laborals\/\" rel=\"bookmark\"><span class=\"entry-title-date\">04 mar\u00e7: <\/span><span class=\"light\">REGULARITZACI\u00d3 EXTRAORDIN\u00c0RIA D&#8217;IMMIGRANTS 2026: IMPLICACIONS LABORALS<\/span><\/a><\/h3>\t\t\t\t\t\t<\/div>\n\t\t\t\t\t\n\t\t\t\t\t\t\t\t\t\t\t<div class=\"post-text\">\n\t\t\t\t\t\t\t<div class=\"summary\">\n\t\t\t\t\t\t\t\t<p>La regularitzaci\u00f3 extraordin\u00e0ria d&#8217;immigrants prevista per al 2026 no \u00e9s nom\u00e9s una mesura social. \u00c9s una decisi\u00f3 amb impacte directe&#8230;<\/p>\n\t\t\t\t\t\t\t<\/div>\n\t\t\t\t\t\t<\/div>\n\t\t\t\t\t\n\t\t\t\t\t<div class=\"post-footer\">\n\t\t\t\t\t\t<div class=\"post-footer-sharing\">\n\t\t\t\t\t\t\t\t\t\t\t\t\t<\/div>\n\t\t\t\t\t\t<div class=\"post-read-more\">\n\t\t\t\t\t\t\t\t<div class=\"gem-button-container gem-widget-button gem-button-position-inline\">\n\t\t<a class=\"gem-button gem-button-size-tiny gem-button-style-outline\" href=\"https:\/\/www.gorriz-arias.com\/ca\/2026\/03\/04\/regularitzacio-extraordinaria-dimmigrants-2026-implicacions-laborals\/\">\n\t\t\t<span class=\"gem-inner-wrapper-btn\">\n\t\t\t\t\t\t\t\t<span class=\"gem-text-button\">\n\t\t\t\t\tLLEGIR M\u00c9S\t\t\t\t<\/span>\n\t\t\t<\/span>\n\t\t<\/a>\n\t<\/div>\n\t\t\t\t\t\t<\/div>\n\t\t\t\t\t<\/div>\n\n\t\t\t\t<\/div>\n\t\t\t<\/div>\n\t\t<\/div>\n\t<\/article><!-- #post-6565 -->\n\n<article id=\"post-6557\" class=\"post-item no-image item-animations-not-inited post-6557 post type-post status-publish format-standard category-per-estar-al-dia-demo-ca category-sin-categorizar\" >\n\t\n\t\t\n\t\t<div class=\"item-post-container\">\n\t\t\t<div class=\"item-post clearfix\">\n\n\t\t\t\t\n\t\t\t\t<div class=\"caption-container\">\n\n\t\t\t\t\t<div class=\"post-meta\">\n\t\t\t\t\t\t<div class=\"entry-meta clearfix gem-post-date\">\n\t\t\t\t\t\t\t<div class=\"post-meta-right\">\n\t\t\t\t\t\t\t\t\t\t\t\t\t\t\t\t\t\t\t\t\t\t\t\t\t\t\t\t\t\t\t<\/div>\n\t\t\t\t\t\t\t<div class=\"post-meta-left\">\n\t\t\t\t\t\t\t\t\t\t\t\t\t\t\t\t\t\t\t\t\t\t\t<\/div>\n\t\t\t\t\t\t<\/div><!-- .entry-meta -->\n\t\t\t\t\t<\/div>\n\n\t\t\t\t\t\t\t\t\t\t\t<div class=\"post-title\">\n\t\t\t\t\t\t\t<h3 class=\"entry-title\"><a href=\"https:\/\/www.gorriz-arias.com\/ca\/2026\/03\/04\/les-mesures-fiscals-que-tornen-el-2026\/\" rel=\"bookmark\"><span class=\"entry-title-date\">04 mar\u00e7: <\/span><span class=\"light\">LES MESURES FISCALS QUE TORNEN EL 2026<\/span><\/a><\/h3>\t\t\t\t\t\t<\/div>\n\t\t\t\t\t\n\t\t\t\t\t\t\t\t\t\t\t<div class=\"post-text\">\n\t\t\t\t\t\t\t<div class=\"summary\">\n\t\t\t\t\t\t\t\t<p>S&#8217;ha aprovat el Reial decret llei 2\/2026 que recupera mesures fiscals conegudes, prorroga r\u00e8gims temporals i tracta d&#8217;esmorteir l&#8217;impacte que&#8230;<\/p>\n\t\t\t\t\t\t\t<\/div>\n\t\t\t\t\t\t<\/div>\n\t\t\t\t\t\n\t\t\t\t\t<div class=\"post-footer\">\n\t\t\t\t\t\t<div class=\"post-footer-sharing\">\n\t\t\t\t\t\t\t\t\t\t\t\t\t<\/div>\n\t\t\t\t\t\t<div class=\"post-read-more\">\n\t\t\t\t\t\t\t\t<div class=\"gem-button-container gem-widget-button gem-button-position-inline\">\n\t\t<a class=\"gem-button gem-button-size-tiny gem-button-style-outline\" href=\"https:\/\/www.gorriz-arias.com\/ca\/2026\/03\/04\/les-mesures-fiscals-que-tornen-el-2026\/\">\n\t\t\t<span class=\"gem-inner-wrapper-btn\">\n\t\t\t\t\t\t\t\t<span class=\"gem-text-button\">\n\t\t\t\t\tLLEGIR M\u00c9S\t\t\t\t<\/span>\n\t\t\t<\/span>\n\t\t<\/a>\n\t<\/div>\n\t\t\t\t\t\t<\/div>\n\t\t\t\t\t<\/div>\n\n\t\t\t\t<\/div>\n\t\t\t<\/div>\n\t\t<\/div>\n\t<\/article><!-- #post-6557 -->\n\n<article id=\"post-6513\" class=\"post-item no-image item-animations-not-inited post-6513 post type-post status-publish format-standard category-per-estar-al-dia-demo-ca category-sin-categorizar\" >\n\t\n\t\t\n\t\t<div class=\"item-post-container\">\n\t\t\t<div class=\"item-post clearfix\">\n\n\t\t\t\t\n\t\t\t\t<div class=\"caption-container\">\n\n\t\t\t\t\t<div class=\"post-meta\">\n\t\t\t\t\t\t<div class=\"entry-meta clearfix gem-post-date\">\n\t\t\t\t\t\t\t<div class=\"post-meta-right\">\n\t\t\t\t\t\t\t\t\t\t\t\t\t\t\t\t\t\t\t\t\t\t\t\t\t\t\t\t\t\t\t<\/div>\n\t\t\t\t\t\t\t<div class=\"post-meta-left\">\n\t\t\t\t\t\t\t\t\t\t\t\t\t\t\t\t\t\t\t\t\t\t\t<\/div>\n\t\t\t\t\t\t<\/div><!-- .entry-meta -->\n\t\t\t\t\t<\/div>\n\n\t\t\t\t\t\t\t\t\t\t\t<div class=\"post-title\">\n\t\t\t\t\t\t\t<h3 class=\"entry-title\"><a href=\"https:\/\/www.gorriz-arias.com\/ca\/2025\/02\/12\/aprofita-les-deduccions-fiscals-rdi-per-reduir-limpost-de-societats\/\" rel=\"bookmark\"><span class=\"entry-title-date\">12 febr.: <\/span><span class=\"light\">Aprofita les deduccions fiscals R+D+i per reduir l&#8217;impost de societats<\/span><\/a><\/h3>\t\t\t\t\t\t<\/div>\n\t\t\t\t\t\n\t\t\t\t\t\t\t\t\t\t\t<div class=\"post-text\">\n\t\t\t\t\t\t\t<div class=\"summary\">\n\t\t\t\t\t\t\t\t<p>Les Deduccions Fiscals per R+D+i s\u00f3n la principal via de finan\u00e7ament empresarial, en forma d&#8217;incentiu fiscal, que va destinada a&#8230;<\/p>\n\t\t\t\t\t\t\t<\/div>\n\t\t\t\t\t\t<\/div>\n\t\t\t\t\t\n\t\t\t\t\t<div class=\"post-footer\">\n\t\t\t\t\t\t<div class=\"post-footer-sharing\">\n\t\t\t\t\t\t\t\t\t\t\t\t\t<\/div>\n\t\t\t\t\t\t<div class=\"post-read-more\">\n\t\t\t\t\t\t\t\t<div class=\"gem-button-container gem-widget-button gem-button-position-inline\">\n\t\t<a class=\"gem-button gem-button-size-tiny gem-button-style-outline\" href=\"https:\/\/www.gorriz-arias.com\/ca\/2025\/02\/12\/aprofita-les-deduccions-fiscals-rdi-per-reduir-limpost-de-societats\/\">\n\t\t\t<span class=\"gem-inner-wrapper-btn\">\n\t\t\t\t\t\t\t\t<span class=\"gem-text-button\">\n\t\t\t\t\tLLEGIR M\u00c9S\t\t\t\t<\/span>\n\t\t\t<\/span>\n\t\t<\/a>\n\t<\/div>\n\t\t\t\t\t\t<\/div>\n\t\t\t\t\t<\/div>\n\n\t\t\t\t<\/div>\n\t\t\t<\/div>\n\t\t<\/div>\n\t<\/article><!-- #post-6513 -->\n\n<article id=\"post-6504\" class=\"post-item item-animations-not-inited post-6504 post type-post status-publish format-standard has-post-thumbnail category-per-estar-al-dia-demo-ca\" >\n\t\n\t\t\n\t\t<div class=\"item-post-container\">\n\t\t\t<div class=\"item-post clearfix\">\n\n\t\t\t\t\t\t\t\t\t<div class=\"post-image post-img\"><div class=\"post-featured-content\"><a href=\"https:\/\/www.gorriz-arias.com\/ca\/2025\/02\/12\/el-salari-minim-interprofessional-smi-per-al-2025-puja-a-1-184-euros-en-14-pagues-i-amb-caracter-retroactiu-a-1-de-gener\/\">\t\t<picture>\n\t\t\t\t\t\t<img fetchpriority=\"high\" src=\"https:\/\/www.gorriz-arias.com\/wp-content\/uploads\/2025\/02\/12022025SMI.jpeg\" width=\"810\" height=\"450\"  class=\"img-responsive\" alt=\"12022025SMI\" \/>\n\t\t<\/picture>\n\t\t<\/a><\/div><\/div>\n\t\t\t\t\n\t\t\t\t<div class=\"caption-container\">\n\n\t\t\t\t\t<div class=\"post-meta\">\n\t\t\t\t\t\t<div class=\"entry-meta clearfix gem-post-date\">\n\t\t\t\t\t\t\t<div class=\"post-meta-right\">\n\t\t\t\t\t\t\t\t\t\t\t\t\t\t\t\t\t\t\t\t\t\t\t\t\t\t\t\t\t\t\t<\/div>\n\t\t\t\t\t\t\t<div class=\"post-meta-left\">\n\t\t\t\t\t\t\t\t\t\t\t\t\t\t\t\t\t\t\t\t\t\t\t<\/div>\n\t\t\t\t\t\t<\/div><!-- .entry-meta -->\n\t\t\t\t\t<\/div>\n\n\t\t\t\t\t\t\t\t\t\t\t<div class=\"post-title\">\n\t\t\t\t\t\t\t<h3 class=\"entry-title\"><a href=\"https:\/\/www.gorriz-arias.com\/ca\/2025\/02\/12\/el-salari-minim-interprofessional-smi-per-al-2025-puja-a-1-184-euros-en-14-pagues-i-amb-caracter-retroactiu-a-1-de-gener\/\" rel=\"bookmark\"><span class=\"entry-title-date\">12 febr.: <\/span><span class=\"light\">EL SALARI M\u00cdNIM INTERPROFESSIONAL (SMI) PER AL 2025 PUJA A 1.184 EUROS EN 14 PAGUES I AMB CAR\u00c0CTER RETROACTIU A 1 DE GENER<\/span><\/a><\/h3>\t\t\t\t\t\t<\/div>\n\t\t\t\t\t\n\t\t\t\t\t\t\t\t\t\t\t<div class=\"post-text\">\n\t\t\t\t\t\t\t<div class=\"summary\">\n\t\t\t\t\t\t\t\t<p>El Govern ha aprovat l&#8217;SMI en 1.184 euros mensuals en 14 pagues i amb efectes retroactius a l&#8217;1 de gener&#8230;<\/p>\n\t\t\t\t\t\t\t<\/div>\n\t\t\t\t\t\t<\/div>\n\t\t\t\t\t\n\t\t\t\t\t<div class=\"post-footer\">\n\t\t\t\t\t\t<div class=\"post-footer-sharing\">\n\t\t\t\t\t\t\t\t\t\t\t\t\t<\/div>\n\t\t\t\t\t\t<div class=\"post-read-more\">\n\t\t\t\t\t\t\t\t<div class=\"gem-button-container gem-widget-button gem-button-position-inline\">\n\t\t<a class=\"gem-button gem-button-size-tiny gem-button-style-outline\" href=\"https:\/\/www.gorriz-arias.com\/ca\/2025\/02\/12\/el-salari-minim-interprofessional-smi-per-al-2025-puja-a-1-184-euros-en-14-pagues-i-amb-caracter-retroactiu-a-1-de-gener\/\">\n\t\t\t<span class=\"gem-inner-wrapper-btn\">\n\t\t\t\t\t\t\t\t<span class=\"gem-text-button\">\n\t\t\t\t\tLLEGIR M\u00c9S\t\t\t\t<\/span>\n\t\t\t<\/span>\n\t\t<\/a>\n\t<\/div>\n\t\t\t\t\t\t<\/div>\n\t\t\t\t\t<\/div>\n\n\t\t\t\t<\/div>\n\t\t\t<\/div>\n\t\t<\/div>\n\t<\/article><!-- #post-6504 -->\n\n<article id=\"post-6496\" class=\"post-item item-animations-not-inited post-6496 post type-post status-publish format-standard has-post-thumbnail category-per-estar-al-dia-demo-ca category-sin-categorizar\" >\n\t\n\t\t\n\t\t<div class=\"item-post-container\">\n\t\t\t<div class=\"item-post clearfix\">\n\n\t\t\t\t\t\t\t\t\t<div class=\"post-image post-img\"><div class=\"post-featured-content\"><a href=\"https:\/\/www.gorriz-arias.com\/ca\/2025\/02\/12\/els-moduls-irpf-iva-el-2025-incertesa-i-canvis-als-limits-de-facturacio\/\">\t\t<picture>\n\t\t\t\t\t\t<img src=\"https:\/\/www.gorriz-arias.com\/wp-content\/uploads\/2025\/02\/12022025.jpeg\" width=\"810\" height=\"450\"  class=\"img-responsive\" alt=\"12022025\" \/>\n\t\t<\/picture>\n\t\t<\/a><\/div><\/div>\n\t\t\t\t\n\t\t\t\t<div class=\"caption-container\">\n\n\t\t\t\t\t<div class=\"post-meta\">\n\t\t\t\t\t\t<div class=\"entry-meta clearfix gem-post-date\">\n\t\t\t\t\t\t\t<div class=\"post-meta-right\">\n\t\t\t\t\t\t\t\t\t\t\t\t\t\t\t\t\t\t\t\t\t\t\t\t\t\t\t\t\t\t\t<\/div>\n\t\t\t\t\t\t\t<div class=\"post-meta-left\">\n\t\t\t\t\t\t\t\t\t\t\t\t\t\t\t\t\t\t\t\t\t\t\t<\/div>\n\t\t\t\t\t\t<\/div><!-- .entry-meta -->\n\t\t\t\t\t<\/div>\n\n\t\t\t\t\t\t\t\t\t\t\t<div class=\"post-title\">\n\t\t\t\t\t\t\t<h3 class=\"entry-title\"><a href=\"https:\/\/www.gorriz-arias.com\/ca\/2025\/02\/12\/els-moduls-irpf-iva-el-2025-incertesa-i-canvis-als-limits-de-facturacio\/\" rel=\"bookmark\"><span class=\"entry-title-date\">12 febr.: <\/span><span class=\"light\">Els m\u00f2duls (IRPF\/IVA) el 2025: incertesa i canvis als l\u00edmits de facturaci\u00f3<\/span><\/a><\/h3>\t\t\t\t\t\t<\/div>\n\t\t\t\t\t\n\t\t\t\t\t\t\t\t\t\t\t<div class=\"post-text\">\n\t\t\t\t\t\t\t<div class=\"summary\">\n\t\t\t\t\t\t\t\t<p>La no-convalidaci\u00f3 del Reial decret llei 9\/2024 ha generat incertesa sobre els l\u00edmits de facturaci\u00f3 en el r\u00e8gim d&#8217;estimaci\u00f3 objectiva&#8230;<\/p>\n\t\t\t\t\t\t\t<\/div>\n\t\t\t\t\t\t<\/div>\n\t\t\t\t\t\n\t\t\t\t\t<div class=\"post-footer\">\n\t\t\t\t\t\t<div class=\"post-footer-sharing\">\n\t\t\t\t\t\t\t\t\t\t\t\t\t<\/div>\n\t\t\t\t\t\t<div class=\"post-read-more\">\n\t\t\t\t\t\t\t\t<div class=\"gem-button-container gem-widget-button gem-button-position-inline\">\n\t\t<a class=\"gem-button gem-button-size-tiny gem-button-style-outline\" href=\"https:\/\/www.gorriz-arias.com\/ca\/2025\/02\/12\/els-moduls-irpf-iva-el-2025-incertesa-i-canvis-als-limits-de-facturacio\/\">\n\t\t\t<span class=\"gem-inner-wrapper-btn\">\n\t\t\t\t\t\t\t\t<span class=\"gem-text-button\">\n\t\t\t\t\tLLEGIR M\u00c9S\t\t\t\t<\/span>\n\t\t\t<\/span>\n\t\t<\/a>\n\t<\/div>\n\t\t\t\t\t\t<\/div>\n\t\t\t\t\t<\/div>\n\n\t\t\t\t<\/div>\n\t\t\t<\/div>\n\t\t<\/div>\n\t<\/article><!-- #post-6496 -->\n\t\t\t<\/div>\n\t\t\n\t\t\t\t\t\t\t<div class=\"preloader\"><div class=\"preloader-spin\"><\/div><\/div>\n\t\t\t\t<div class=\"bloglist-pagination\" data-page=\"1\" data-next-page=\"2\">\n\t\t\t\t\t\t\t\t\t\t\t\t\t<div class=\"gem-pagination\"><div class=\"gem-pagination-links gem-pagination-position-center\">\n\t\t\t<span aria-current=\"page\" class=\"page-numbers current\">1<\/span>\n<a class=\"page-numbers\" href=\"https:\/\/www.gorriz-arias.com\/ca\/wp-json\/wp\/v2\/pages\/5376\/page\/2\/\">2<\/a>\n<span class=\"page-numbers dots\">&hellip;<\/span>\n<a class=\"page-numbers\" href=\"https:\/\/www.gorriz-arias.com\/ca\/wp-json\/wp\/v2\/pages\/5376\/page\/97\/\">97<\/a>\n<a class=\"next page-numbers\" href=\"https:\/\/www.gorriz-arias.com\/ca\/wp-json\/wp\/v2\/pages\/5376\/page\/2\/\"><i class=\"default\"><\/i><\/a>\t\t<\/div><\/div><!-- .pagination -->\n\t\t\t\t\t\t\t\t\t\t\t<\/div>\n\t\t\t\n\t\t\t\n\t\t\t\n\t\t\t\t\t\t<\/div>\n\t\t\t\t<\/div>\n\t\t\t\t\t<\/div>\n\t\t<\/div>\n\t\t\t\t\t<\/div><\/div>\r\n\t\t<\/section>\r\n\t\t\t\t<\/div>\n\t\t","protected":false},"excerpt":{"rendered":"<p>05 Jun: El Tribunal Suprem estableix que un treballador fix discontinu no pot optar a la jubilaci\u00f3 parcial La jubilaci\u00f3&#8230;<\/p>\n","protected":false},"author":1,"featured_media":0,"parent":0,"menu_order":0,"comment_status":"closed","ping_status":"closed","template":"","meta":{"footnotes":""},"class_list":["post-5376","page","type-page","status-publish"],"aioseo_notices":[],"_links":{"self":[{"href":"https:\/\/www.gorriz-arias.com\/ca\/wp-json\/wp\/v2\/pages\/5376","targetHints":{"allow":["GET"]}}],"collection":[{"href":"https:\/\/www.gorriz-arias.com\/ca\/wp-json\/wp\/v2\/pages"}],"about":[{"href":"https:\/\/www.gorriz-arias.com\/ca\/wp-json\/wp\/v2\/types\/page"}],"author":[{"embeddable":true,"href":"https:\/\/www.gorriz-arias.com\/ca\/wp-json\/wp\/v2\/users\/1"}],"replies":[{"embeddable":true,"href":"https:\/\/www.gorriz-arias.com\/ca\/wp-json\/wp\/v2\/comments?post=5376"}],"version-history":[{"count":4,"href":"https:\/\/www.gorriz-arias.com\/ca\/wp-json\/wp\/v2\/pages\/5376\/revisions"}],"predecessor-version":[{"id":6310,"href":"https:\/\/www.gorriz-arias.com\/ca\/wp-json\/wp\/v2\/pages\/5376\/revisions\/6310"}],"wp:attachment":[{"href":"https:\/\/www.gorriz-arias.com\/ca\/wp-json\/wp\/v2\/media?parent=5376"}],"curies":[{"name":"wp","href":"https:\/\/api.w.org\/{rel}","templated":true}]}}